{"id":143,"date":"2021-10-13T15:09:15","date_gmt":"2021-10-13T18:09:15","guid":{"rendered":"https:\/\/salinas-reservas.com.br\/?page_id=143"},"modified":"2021-11-06T15:24:27","modified_gmt":"2021-11-06T18:24:27","slug":"resort","status":"publish","type":"page","link":"https:\/\/salinas-reservas.com.br\/de\/resort\/","title":{"rendered":"Resort"},"content":{"rendered":"<div data-elementor-type=\"wp-page\" data-elementor-id=\"143\" class=\"elementor elementor-143\">\n\t\t\t\t\t\t<section class=\"elementor-section elementor-top-section elementor-element elementor-element-50beb7e elementor-section-stretched elementor-section-boxed elementor-section-height-default elementor-section-height-default\" data-id=\"50beb7e\" data-element_type=\"section\" data-e-type=\"section\" data-settings=\"{&quot;stretch_section&quot;:&quot;section-stretched&quot;,&quot;background_background&quot;:&quot;classic&quot;}\">\n\t\t\t\t\t\t\t<div class=\"elementor-background-overlay\"><\/div>\n\t\t\t\t\t\t\t<div class=\"elementor-container elementor-column-gap-default\">\n\t\t\t\t\t<div class=\"elementor-column elementor-col-100 elementor-top-column elementor-element elementor-element-edbd6ba\" data-id=\"edbd6ba\" data-element_type=\"column\" data-e-type=\"column\">\n\t\t\t<div class=\"elementor-widget-wrap elementor-element-populated\">\n\t\t\t\t\t\t<div class=\"elementor-element elementor-element-f266a9a elementor-invisible elementor-widget elementor-widget-heading\" data-id=\"f266a9a\" data-element_type=\"widget\" data-e-type=\"widget\" data-settings=\"{&quot;_animation&quot;:&quot;fadeInLeft&quot;}\" data-widget_type=\"heading.default\">\n\t\t\t\t<div class=\"elementor-widget-container\">\n\t\t\t\t\t<h2 class=\"elementor-heading-title elementor-size-default\">\u00dcber das Salinas Resort<\/h2>\t\t\t\t<\/div>\n\t\t\t\t<\/div>\n\t\t\t\t\t<\/div>\n\t\t<\/div>\n\t\t\t\t\t<\/div>\n\t\t<\/section>\n\t\t\t\t<section class=\"elementor-section elementor-top-section elementor-element elementor-element-e4003e4 elementor-section-stretched elementor-section-boxed elementor-section-height-default elementor-section-height-default\" data-id=\"e4003e4\" data-element_type=\"section\" data-e-type=\"section\" data-settings=\"{&quot;stretch_section&quot;:&quot;section-stretched&quot;,&quot;background_background&quot;:&quot;classic&quot;}\">\n\t\t\t\t\t\t\t<div class=\"elementor-background-overlay\"><\/div>\n\t\t\t\t\t\t\t<div class=\"elementor-container elementor-column-gap-default\">\n\t\t\t\t\t<div class=\"elementor-column elementor-col-100 elementor-top-column elementor-element elementor-element-f990876\" data-id=\"f990876\" data-element_type=\"column\" data-e-type=\"column\">\n\t\t\t<div class=\"elementor-widget-wrap elementor-element-populated\">\n\t\t\t\t\t\t<section class=\"elementor-section elementor-inner-section elementor-element elementor-element-f929d94 elementor-section-full_width elementor-section-height-default elementor-section-height-default\" data-id=\"f929d94\" data-element_type=\"section\" data-e-type=\"section\">\n\t\t\t\t\t\t<div class=\"elementor-container elementor-column-gap-default\">\n\t\t\t\t\t<div class=\"elementor-column elementor-col-50 elementor-inner-column elementor-element elementor-element-374ea24\" data-id=\"374ea24\" data-element_type=\"column\" data-e-type=\"column\">\n\t\t\t<div class=\"elementor-widget-wrap elementor-element-populated\">\n\t\t\t\t\t\t<div class=\"elementor-element elementor-element-a8f8693 animated-slow elementor-invisible elementor-widget elementor-widget-text-editor\" data-id=\"a8f8693\" data-element_type=\"widget\" data-e-type=\"widget\" data-settings=\"{&quot;_animation&quot;:&quot;fadeInLeft&quot;}\" data-widget_type=\"text-editor.default\">\n\t\t\t\t<div class=\"elementor-widget-container\">\n\t\t\t\t\t\t\t\t\t<p>Die 220 km von Bel\u00e9m entfernte K\u00fcstenstadt Salin\u00f3polis, besser bekannt als Salinas, liegt in der Region Salgado Paraense. Ein Paradies mit \u00fcppiger Natur und wundersch\u00f6nen wei\u00dfen Sandstr\u00e4nden f\u00fcr Touristen aus ganz Brasilien und der Welt.<\/p><p>Der bekannteste und belebteste Strand in Salinas ist der Strand von Atalaia. Ein perfekter Ort f\u00fcr diejenigen, die Spa\u00df und Abenteuer suchen. Neben vielen einheimischen Restaurants gibt es auch naturbelassene Pl\u00e4tze die zum tr\u00e4umen einladen.<\/p><p>Der Coca-Cola-See hinter dem Strand, ber\u00fchmt f\u00fcr sein dunkles und kaltes Wasser, umgeben von wei\u00dfen Sandd\u00fcnen, ist bekannt zum Sandboarden<\/p>\t\t\t\t\t\t\t\t<\/div>\n\t\t\t\t<\/div>\n\t\t\t\t\t<\/div>\n\t\t<\/div>\n\t\t\t\t<div class=\"elementor-column elementor-col-50 elementor-inner-column elementor-element elementor-element-297400f\" data-id=\"297400f\" data-element_type=\"column\" data-e-type=\"column\">\n\t\t\t<div class=\"elementor-widget-wrap elementor-element-populated\">\n\t\t\t\t\t\t<div class=\"elementor-element elementor-element-47fde44 elementor-invisible elementor-widget elementor-widget-image\" data-id=\"47fde44\" data-element_type=\"widget\" data-e-type=\"widget\" data-settings=\"{&quot;_animation&quot;:&quot;fadeInRight&quot;}\" data-widget_type=\"image.default\">\n\t\t\t\t<div class=\"elementor-widget-container\">\n\t\t\t\t\t\t\t\t\t\t\t\t\t\t\t<img fetchpriority=\"high\" decoding=\"async\" width=\"800\" height=\"600\" src=\"https:\/\/salinas-reservas.com.br\/wp-content\/uploads\/2021\/10\/salinas-entrada-001-1024x768.jpg\" class=\"attachment-large size-large wp-image-145\" alt=\"\" srcset=\"https:\/\/salinas-reservas.com.br\/wp-content\/uploads\/2021\/10\/salinas-entrada-001-1024x768.jpg 1024w, https:\/\/salinas-reservas.com.br\/wp-content\/uploads\/2021\/10\/salinas-entrada-001-300x225.jpg 300w, https:\/\/salinas-reservas.com.br\/wp-content\/uploads\/2021\/10\/salinas-entrada-001-768x576.jpg 768w, https:\/\/salinas-reservas.com.br\/wp-content\/uploads\/2021\/10\/salinas-entrada-001-1536x1152.jpg 1536w, https:\/\/salinas-reservas.com.br\/wp-content\/uploads\/2021\/10\/salinas-entrada-001.jpg 1919w\" sizes=\"(max-width: 800px) 100vw, 800px\" \/>\t\t\t\t\t\t\t\t\t\t\t\t\t\t\t<\/div>\n\t\t\t\t<\/div>\n\t\t\t\t\t<\/div>\n\t\t<\/div>\n\t\t\t\t\t<\/div>\n\t\t<\/section>\n\t\t\t\t<section class=\"elementor-section elementor-inner-section elementor-element elementor-element-6f1171f elementor-section-boxed elementor-section-height-default elementor-section-height-default\" data-id=\"6f1171f\" data-element_type=\"section\" data-e-type=\"section\">\n\t\t\t\t\t\t<div class=\"elementor-container elementor-column-gap-default\">\n\t\t\t\t\t<div class=\"elementor-column elementor-col-50 elementor-inner-column elementor-element elementor-element-02e8de9\" data-id=\"02e8de9\" data-element_type=\"column\" data-e-type=\"column\">\n\t\t\t<div class=\"elementor-widget-wrap elementor-element-populated\">\n\t\t\t\t\t\t<div class=\"elementor-element elementor-element-d936993 elementor-invisible elementor-widget elementor-widget-image\" data-id=\"d936993\" data-element_type=\"widget\" data-e-type=\"widget\" data-settings=\"{&quot;_animation&quot;:&quot;fadeInLeft&quot;}\" data-widget_type=\"image.default\">\n\t\t\t\t<div class=\"elementor-widget-container\">\n\t\t\t\t\t\t\t\t\t\t\t\t\t\t\t<img decoding=\"async\" width=\"800\" height=\"600\" src=\"https:\/\/salinas-reservas.com.br\/wp-content\/uploads\/2021\/10\/salinas-entrada-002-1024x768.jpg\" class=\"attachment-large size-large wp-image-224\" alt=\"\" srcset=\"https:\/\/salinas-reservas.com.br\/wp-content\/uploads\/2021\/10\/salinas-entrada-002-1024x768.jpg 1024w, https:\/\/salinas-reservas.com.br\/wp-content\/uploads\/2021\/10\/salinas-entrada-002-300x225.jpg 300w, https:\/\/salinas-reservas.com.br\/wp-content\/uploads\/2021\/10\/salinas-entrada-002-768x576.jpg 768w, https:\/\/salinas-reservas.com.br\/wp-content\/uploads\/2021\/10\/salinas-entrada-002-1536x1152.jpg 1536w, https:\/\/salinas-reservas.com.br\/wp-content\/uploads\/2021\/10\/salinas-entrada-002.jpg 1919w\" sizes=\"(max-width: 800px) 100vw, 800px\" \/>\t\t\t\t\t\t\t\t\t\t\t\t\t\t\t<\/div>\n\t\t\t\t<\/div>\n\t\t\t\t\t<\/div>\n\t\t<\/div>\n\t\t\t\t<div class=\"elementor-column elementor-col-50 elementor-inner-column elementor-element elementor-element-16a5690\" data-id=\"16a5690\" data-element_type=\"column\" data-e-type=\"column\">\n\t\t\t<div class=\"elementor-widget-wrap elementor-element-populated\">\n\t\t\t\t\t\t<div class=\"elementor-element elementor-element-18934c5 animated-slow elementor-invisible elementor-widget elementor-widget-text-editor\" data-id=\"18934c5\" data-element_type=\"widget\" data-e-type=\"widget\" data-settings=\"{&quot;_animation&quot;:&quot;fadeInRight&quot;}\" data-widget_type=\"text-editor.default\">\n\t\t\t\t<div class=\"elementor-widget-container\">\n\t\t\t\t\t\t\t\t\t<p>Das Orla do Ma\u00e7arico hat die h\u00f6chste Konzentration an Bars und Restaurants in der Stadt und ein reges Nachtleben.<\/p><p>Der Strand Farol Velho ist eine weitere unglaubliche Attraktion in Salinas mit vielen guten Restaurants. Die ruhige Umgebung ist perfekt, um den Sonnenuntergang zu genie\u00dfen und im Freien zu wandern.<\/p><p>Am Praia da Corvina ist der ideale Ort f\u00fcr Ruhesuchende.<\/p><p>Denken Sie immer daran, die Gezeitentabelle zu konsultieren, um den Strand mit gr\u00f6\u00dferer Ruhe und Sicherheit zu genie\u00dfen.<\/p>\t\t\t\t\t\t\t\t<\/div>\n\t\t\t\t<\/div>\n\t\t\t\t\t<\/div>\n\t\t<\/div>\n\t\t\t\t\t<\/div>\n\t\t<\/section>\n\t\t\t\t\t<\/div>\n\t\t<\/div>\n\t\t\t\t\t<\/div>\n\t\t<\/section>\n\t\t\t\t<\/div>","protected":false},"excerpt":{"rendered":"<p>\u00dcber das Salinas Resort Die 220 km von Bel\u00e9m entfernte K\u00fcstenstadt Salin\u00f3polis, besser bekannt als Salinas, liegt in der Region Salgado Paraense. Ein Paradies mit \u00fcppiger Natur und wundersch\u00f6nen wei\u00dfen Sandstr\u00e4nden f\u00fcr Touristen aus ganz Brasilien und der Welt. Der bekannteste und belebteste Strand in Salinas ist der Strand von Atalaia. Ein perfekter Ort f\u00fcr [&hellip;]<\/p>\n","protected":false},"author":1,"featured_media":0,"parent":0,"menu_order":0,"comment_status":"closed","ping_status":"closed","template":"elementor_header_footer","meta":{"footnotes":""},"class_list":["post-143","page","type-page","status-publish","hentry"],"_links":{"self":[{"href":"https:\/\/salinas-reservas.com.br\/de\/wp-json\/wp\/v2\/pages\/143","targetHints":{"allow":["GET"]}}],"collection":[{"href":"https:\/\/salinas-reservas.com.br\/de\/wp-json\/wp\/v2\/pages"}],"about":[{"href":"https:\/\/salinas-reservas.com.br\/de\/wp-json\/wp\/v2\/types\/page"}],"author":[{"embeddable":true,"href":"https:\/\/salinas-reservas.com.br\/de\/wp-json\/wp\/v2\/users\/1"}],"replies":[{"embeddable":true,"href":"https:\/\/salinas-reservas.com.br\/de\/wp-json\/wp\/v2\/comments?post=143"}],"version-history":[{"count":195,"href":"https:\/\/salinas-reservas.com.br\/de\/wp-json\/wp\/v2\/pages\/143\/revisions"}],"predecessor-version":[{"id":1610,"href":"https:\/\/salinas-reservas.com.br\/de\/wp-json\/wp\/v2\/pages\/143\/revisions\/1610"}],"wp:attachment":[{"href":"https:\/\/salinas-reservas.com.br\/de\/wp-json\/wp\/v2\/media?parent=143"}],"curies":[{"name":"wp","href":"https:\/\/api.w.org\/{rel}","templated":true}]}}