{"id":1705,"date":"2021-11-06T17:42:05","date_gmt":"2021-11-06T20:42:05","guid":{"rendered":"https:\/\/salinas-reservas.com.br\/politica-de-cookies\/"},"modified":"2021-11-10T12:23:45","modified_gmt":"2021-11-10T15:23:45","slug":"politica-de-cookies","status":"publish","type":"page","link":"https:\/\/salinas-reservas.com.br\/en\/politica-de-cookies\/","title":{"rendered":"Pol\u00edtica de Cookies"},"content":{"rendered":"<div data-elementor-type=\"wp-page\" data-elementor-id=\"1705\" class=\"elementor elementor-1705 elementor-1558\">\n\t\t\t\t\t\t<section class=\"elementor-section elementor-top-section elementor-element elementor-element-2b38cd66 elementor-section-stretched elementor-section-boxed elementor-section-height-default elementor-section-height-default\" data-id=\"2b38cd66\" data-element_type=\"section\" data-e-type=\"section\" data-settings=\"{&quot;stretch_section&quot;:&quot;section-stretched&quot;}\">\n\t\t\t\t\t\t<div class=\"elementor-container elementor-column-gap-default\">\n\t\t\t\t\t<div class=\"elementor-column elementor-col-100 elementor-top-column elementor-element elementor-element-5a1d0b88\" data-id=\"5a1d0b88\" data-element_type=\"column\" data-e-type=\"column\">\n\t\t\t<div class=\"elementor-widget-wrap elementor-element-populated\">\n\t\t\t\t\t\t<div class=\"elementor-element elementor-element-27dbf006 elementor-widget elementor-widget-text-editor\" data-id=\"27dbf006\" data-element_type=\"widget\" data-e-type=\"widget\" data-widget_type=\"text-editor.default\">\n\t\t\t\t<div class=\"elementor-widget-container\">\n\t\t\t\t\t\t\t\t\t<h1><strong>Pol\u00edtica de Cookies<\/strong><\/h1>\n<p>A presente Pol\u00edtica de Cookies \u00e9 um documento complementar \u00e0 Pol\u00edtica de Privacidade da salinas-reservas.com.br, dispon\u00edvel neste <a href=\"\/privacidade\">link<\/a><em>.&nbsp;<\/em>Aqui, voc\u00ea encontrar\u00e1 informa\u00e7\u00f5es objetivas e claras sobre o que s\u00e3o Cookies, quais Cookies utilizamos em nossas aplica\u00e7\u00f5es, qual papel desempenham e como configur\u00e1-los.<\/p>\n<ol>\n<li><strong> O que s\u00e3o Cookies?<\/strong><\/li>\n<\/ol>\n<p>Cookies s\u00e3o pequenos arquivos de texto ou fragmentos de informa\u00e7\u00e3o que s\u00e3o baixados em seu computador, smartphone ou qualquer outro dispositivo com acesso \u00e0 internet quando voc\u00ea visita nossa aplica\u00e7\u00e3o.<\/p>\n<p>Eles cont\u00eam informa\u00e7\u00f5es sobre a sua navega\u00e7\u00e3o em nossas p\u00e1ginas e ret\u00eam apenas informa\u00e7\u00f5es relacionadas a suas prefer\u00eancias.&nbsp;<\/p>\n<p>Assim, essa p\u00e1gina consegue armazenar e recuperar os dados sobre os seus h\u00e1bitos de navega\u00e7\u00e3o, de forma a melhorar a experi\u00eancia de uso, por exemplo. \u00c9 importante frisar que eles n\u00e3o cont\u00eam informa\u00e7\u00f5es pessoais espec\u00edficas, como dados sens\u00edveis ou banc\u00e1rios.<\/p>\n<p>O seu navegador armazena os cookies no disco r\u00edgido, mas ocupam um espa\u00e7o de mem\u00f3ria m\u00ednimo, que n\u00e3o afetam o desempenho do seu computador. A maioria das informa\u00e7\u00f5es s\u00e3o apagadas logo ao encerrar a sess\u00e3o, como voc\u00ea ver\u00e1 no pr\u00f3ximo t\u00f3pico.<\/p>\n<p><strong>1.1. Tipos de Cookies<\/strong><\/p>\n<p>Os cookies, quanto a seus propriet\u00e1rios, podem ser:<\/p>\n<ol>\n<li><strong>Cookies propriet\u00e1rios:&nbsp;<\/strong>s\u00e3o cookies definidos por n\u00f3s ou por terceiros em nosso nome<\/li>\n<li><strong>Cookies de terceiros:&nbsp;<\/strong>s\u00e3o cookies definidos por terceiros confi\u00e1veis em nossa aplica\u00e7\u00e3o<\/li>\n<\/ol>\n<p>Os cookies, quanto ao seu tempo de vida, podem ser:<\/p>\n<ol>\n<li><strong>Cookies de sess\u00e3o ou tempor\u00e1rios:&nbsp;<\/strong>s\u00e3o cookies que expiram assim que voc\u00ea fecha o seu navegador, encerrando a sess\u00e3o.<\/li>\n<li><strong>Cookies persistentes ou permanentes:&nbsp;<\/strong>s\u00e3o cookies que permanecem no seu dispositivo durante um per\u00edodo determinado ou at\u00e9 que voc\u00ea os exclua.<\/li>\n<\/ol>\n<p>Os cookies, quanto a sua finalidade, podem ser:<\/p>\n<ol>\n<li><strong>Cookies necess\u00e1rios:&nbsp;<\/strong>s\u00e3o cookies essenciais que possibilitam a navega\u00e7\u00e3o em nossas aplica\u00e7\u00f5es e o acesso a todos os recursos; se estes, nossos servi\u00e7os podem apresentar mal desempenho ou n\u00e3o funcionar.<\/li>\n<li><strong>Cookies de desempenho:&nbsp;<\/strong>s\u00e3o cookies que otimizam a forma que nossas aplica\u00e7\u00f5es funcionam, coletando informa\u00e7\u00f5es an\u00f4nimas sobre as p\u00e1ginas acessadas.<\/li>\n<li><strong>Cookies de funcionalidade:&nbsp;<\/strong>s\u00e3o cookies que memorizam suas prefer\u00eancias e escolhas (como seu nome de usu\u00e1rio)&nbsp;<\/li>\n<li><strong>Cookies de publicidade:&nbsp;<\/strong>s\u00e3o cookies que direcionam an\u00fancios em fun\u00e7\u00e3o dos seus interesses e limitam a quantidade de vezes que o an\u00fancio aparece.<\/li>\n<li><strong> Por que usamos Cookies?<\/strong><\/li>\n<\/ol>\n<p>A salinas-reservas.com.br<em>&nbsp;<\/em>utiliza Cookies para fornecer a melhor experi\u00eancia de uso, tornando nossas aplica\u00e7\u00f5es mais f\u00e1ceis e personalizadas, tendo por base suas escolhas e comportamento de navega\u00e7\u00e3o.<\/p>\n<p>Assim, buscamos entender como voc\u00ea utiliza nossas aplica\u00e7\u00f5es e ajustar o conte\u00fado para torn\u00e1-lo mais relevante para voc\u00ea, al\u00e9m de lembrar de suas prefer\u00eancias.<\/p>\n<p>Os Cookies participam deste processo porquanto armazenam, leem e executam os dados necess\u00e1rios para cumprir com o nosso objetivo.<\/p>\n<ol start=\"3\">\n<li><strong> Que tipo de Cookies utilizamos?&nbsp;<\/strong><\/li>\n<\/ol>\n<p>Abaixo listamos todos os Cookies que podem ser utilizados pela&nbsp;<em>salinas-reservas.com.br.&nbsp;<\/em>\u00c9 importante lembrar que voc\u00ea pode gerenciar a permiss\u00e3o concedida para cada Cookie em seu navegador.<\/p>\n<p>Al\u00e9m disso, uma vez que os Cookies capturam dados sobre voc\u00ea, aconselhamos a leitura de nossa Pol\u00edtica de Privacidade, dispon\u00edvel neste <a href=\"\/privacidade\">link<\/a>.<\/p>\n<p><strong>3.1. Cookies necess\u00e1rios<\/strong><\/p>\n<ul>\n<li>Configura\u00e7\u00e3o de idioma CMS<\/li>\n<li>Configura\u00e7\u00e3o de tempo CMS<\/li>\n<\/ul>\n<p><strong>3.2. Cookies de desempenho&nbsp;<\/strong><\/p>\n<ul>\n<li>Google Analytics<\/li>\n<li>Google Tag Manager<\/li>\n<\/ul>\n<p><strong>3.3. Cookies de funcionalidade<\/strong><\/p>\n<ul>\n<li>Processamento de pagamento stripe<\/li>\n<li>Campanhas de boletim informativo<\/li>\n<\/ul>\n<p><strong>3.4. Cookies de publicidade<\/strong><\/p>\n<ul>\n<li>Remarketing do Google<\/li>\n<li>Google Ads<\/li>\n<\/ul>\n<ol start=\"4\">\n<li><strong> Gerenciamento dos Cookies<\/strong><\/li>\n<\/ol>\n<p>A instala\u00e7\u00e3o dos cookies est\u00e1 sujeita ao seu consentimento. Apesar da maioria dos navegadores estar inicialmente configurada para aceitar cookies de forma autom\u00e1tica, voc\u00ea pode rever suas permiss\u00f5es a qualquer tempo, de forma a bloque\u00e1-los, aceit\u00e1-los ou ativar notifica\u00e7\u00f5es para quando alguns cookies forem enviados ao seu dispositivo.&nbsp;<\/p>\n<p>A navega\u00e7\u00e3o continuada em nossos sites ser\u00e1 entendida como consentimento.&nbsp;<\/p>\n<p>Como j\u00e1 dito, voc\u00ea pode, a qualquer tempo e sem nenhum custo, alterar as permiss\u00f5es, bloquear ou recusar os Cookies. Voc\u00ea tamb\u00e9m pode configur\u00e1-los caso a caso. Todavia, a revoga\u00e7\u00e3o do consentimento de determinados Cookies pode inviabilizar o funcionamento correto de alguns recursos da plataforma.<\/p>\n<p>Para gerenciar os cookies do seu navegador, basta faz\u00ea-lo diretamente nas configura\u00e7\u00f5es do navegador, na \u00e1rea de gest\u00e3o de Cookies.<\/p>\n<p>Voc\u00ea pode acessar tutoriais sobre o tema diretamente nos links abaixo:<\/p>\n<p>Se voc\u00ea usa o&nbsp;<a href=\"https:\/\/support.microsoft.com\/pt-br\/help\/17442\/windows-internet-explorer-delete-manage-cookies\">Internet Explorer<\/a>.<\/p>\n<p>Se voc\u00ea usa o&nbsp;<a href=\"https:\/\/support.mozilla.org\/pt-BR\/kb\/gerencie-configuracoes-de-armazenamento-local-de-s\">Firefox<\/a>.<\/p>\n<p>Se voc\u00ea usa o&nbsp;<a href=\"https:\/\/support.apple.com\/pt-br\/guide\/safari\/sfri11471\/mac\">Safari<\/a>.<\/p>\n<p>Se voc\u00ea usa o&nbsp;<a href=\"https:\/\/support.google.com\/chrome\/answer\/95647?co=GENIE.Platform%3DDesktop&amp;oco=1&amp;hl=pt-BR\">Google Chrome<\/a>.<\/p>\n<p>Se voc\u00ea usa o&nbsp;<a href=\"https:\/\/support.microsoft.com\/pt-br\/help\/4027947\/microsoft-edge-delete-cookies\">Microsoft Edge<\/a>.<\/p>\n<p>Se voc\u00ea usa o&nbsp;<a href=\"https:\/\/help.opera.com\/en\/latest\/web-preferences\/#cookies\">Opera<\/a>.<\/p>\n<ol start=\"5\">\n<li><strong> Disposi\u00e7\u00f5es finais<\/strong><\/li>\n<\/ol>\n<p>Para a&nbsp;<em>salinas-reservas.com.br<\/em>, a privacidade e confian\u00e7a s\u00e3o fundamentais para a nossa rela\u00e7\u00e3o com voc\u00ea. Estamos sempre nos atualizando para manter os mais altos padr\u00f5es de seguran\u00e7a&nbsp;<\/p>\n<p>Assim, reservamo-nos o direito de alterar esta Pol\u00edtica de Cookies a qualquer tempo. As mudan\u00e7as entrar\u00e3o em vigor logo ap\u00f3s a publica\u00e7\u00e3o, e voc\u00ea ser\u00e1 avisado.<\/p>\n<p>Ao continuar a navega\u00e7\u00e3o nas nossas aplica\u00e7\u00f5es ap\u00f3s essa mudan\u00e7a se tornar eficaz, voc\u00ea concorda com elas. Aconselhamos que voc\u00ea sempre verifique esta Pol\u00edtica, bem como a nossa Pol\u00edtica de Privacidade.<\/p>\n<p>Em caso de d\u00favidas sobre esta Pol\u00edtica de Cookies, entre em contato conosco pelos seguintes meios:<\/p>\n<ul>\n<li><em>salinasreservas@gmail.com<\/em><\/li>\n<\/ul>\n<p>Esta Pol\u00edtica de Cookies foi atualizada pela \u00faltima vez: 01\/11\/2021.<\/p><\/p>\n\t\t\t\t\t\t\t\t<\/div>\n\t\t\t\t<\/div>\n\t\t\t\t\t<\/div>\n\t\t<\/div>\n\t\t\t\t\t<\/div>\n\t\t<\/section>\n\t\t\t\t<\/div>","protected":false},"excerpt":{"rendered":"<p>Pol\u00edtica de Cookies A presente Pol\u00edtica de Cookies \u00e9 um documento complementar \u00e0 Pol\u00edtica de Privacidade da salinas-reservas.com.br, dispon\u00edvel neste link.&nbsp;Aqui, voc\u00ea encontrar\u00e1 informa\u00e7\u00f5es objetivas e claras sobre o que s\u00e3o Cookies, quais Cookies utilizamos em nossas aplica\u00e7\u00f5es, qual papel desempenham e como configur\u00e1-los. O que s\u00e3o Cookies? Cookies s\u00e3o pequenos arquivos de texto ou [&hellip;]<\/p>\n","protected":false},"author":1,"featured_media":0,"parent":0,"menu_order":0,"comment_status":"closed","ping_status":"closed","template":"","meta":{"footnotes":""},"class_list":["post-1705","page","type-page","status-publish","hentry"],"_links":{"self":[{"href":"https:\/\/salinas-reservas.com.br\/en\/wp-json\/wp\/v2\/pages\/1705","targetHints":{"allow":["GET"]}}],"collection":[{"href":"https:\/\/salinas-reservas.com.br\/en\/wp-json\/wp\/v2\/pages"}],"about":[{"href":"https:\/\/salinas-reservas.com.br\/en\/wp-json\/wp\/v2\/types\/page"}],"author":[{"embeddable":true,"href":"https:\/\/salinas-reservas.com.br\/en\/wp-json\/wp\/v2\/users\/1"}],"replies":[{"embeddable":true,"href":"https:\/\/salinas-reservas.com.br\/en\/wp-json\/wp\/v2\/comments?post=1705"}],"version-history":[{"count":2,"href":"https:\/\/salinas-reservas.com.br\/en\/wp-json\/wp\/v2\/pages\/1705\/revisions"}],"predecessor-version":[{"id":1955,"href":"https:\/\/salinas-reservas.com.br\/en\/wp-json\/wp\/v2\/pages\/1705\/revisions\/1955"}],"wp:attachment":[{"href":"https:\/\/salinas-reservas.com.br\/en\/wp-json\/wp\/v2\/media?parent=1705"}],"curies":[{"name":"wp","href":"https:\/\/api.w.org\/{rel}","templated":true}]}}